{"id":203,"date":"2022-01-06T14:23:58","date_gmt":"2022-01-06T13:23:58","guid":{"rendered":"http:\/\/preprod.telearabiamax.tv\/?page_id=203"},"modified":"2022-01-10T19:16:32","modified_gmt":"2022-01-10T18:16:32","slug":"channel-iqraa","status":"publish","type":"page","link":"http:\/\/preprod.telearabiamax.tv\/fr\/channel-iqraa","title":{"rendered":"IQRAA"},"content":{"rendered":"<p>[et_pb_section fb_built=&#8221;1&#8243; _builder_version=&#8221;4.9.4&#8243; _module_preset=&#8221;default&#8221; custom_padding=&#8221;5px||8px|||&#8221;][et_pb_row _builder_version=&#8221;4.9.4&#8243; _module_preset=&#8221;default&#8221;][et_pb_column type=&#8221;4_4&#8243; _builder_version=&#8221;4.9.4&#8243; _module_preset=&#8221;default&#8221;][et_pb_button button_text=&#8221;BACK TO CHANNELS&#8221; button_alignment=&#8221;center&#8221; _builder_version=&#8221;4.9.4&#8243; _module_preset=&#8221;default&#8221; custom_button=&#8221;on&#8221; button_text_color=&#8221;#FFFFFF&#8221; button_bg_color=&#8221;#C92252&#8243; button_border_color=&#8221;#C92252&#8243; button_use_icon=&#8221;off&#8221; hover_enabled=&#8221;0&#8243; button_url=&#8221;http:\/\/preprod.telearabiamax.tv\/main&#8221; sticky_enabled=&#8221;0&#8243;][\/et_pb_button][\/et_pb_column][\/et_pb_row][\/et_pb_section][et_pb_section fb_built=&#8221;1&#8243; _builder_version=&#8221;4.9.4&#8243; _module_preset=&#8221;default&#8221;][et_pb_row column_structure=&#8221;1_2,1_2&#8243; _builder_version=&#8221;4.9.4&#8243; _module_preset=&#8221;default&#8221;][et_pb_column type=&#8221;1_2&#8243; _builder_version=&#8221;4.9.4&#8243; _module_preset=&#8221;default&#8221;][et_pb_text _builder_version=&#8221;4.9.4&#8243; _module_preset=&#8221;default&#8221; header_2_font=&#8221;|600||on|||||&#8221; header_2_text_color=&#8221;#757575&#8243;]<\/p>\n<h2>PROGRAMS<\/h2>\n<p>[\/et_pb_text][et_pb_gallery gallery_ids=&#8221;238,239,240,241,242,243&#8243; posts_number=&#8221;6&#8243; show_title_and_caption=&#8221;off&#8221; show_pagination=&#8221;off&#8221; _builder_version=&#8221;4.9.4&#8243; _module_preset=&#8221;default&#8221;][\/et_pb_gallery][\/et_pb_column][et_pb_column type=&#8221;1_2&#8243; _builder_version=&#8221;4.9.4&#8243; _module_preset=&#8221;default&#8221;][et_pb_blurb title=&#8221;Iqraa&#8221; image=&#8221;http:\/\/preprod.telearabiamax.tv\/wp-content\/uploads\/sites\/13\/2022\/01\/Iqraa-300&#215;167.jpg&#8221; _builder_version=&#8221;4.9.4&#8243; _module_preset=&#8221;default&#8221;]<\/p>\n<div id=\"row_bs63rqg1c\" class=\"row\">\n<div id=\"column_kq6yhjhnh\" class=\"column\" data-xl-width=\"12\">\n<div class=\"content-wrapper\">\n<div id=\"content_hy4p7ssdo\" class=\"column-content\" data-module=\"text\">\n<div class=\"is-content\">\n<p style=\"text-align: left;\">Iqraa\u00a0est l&#8217;une des cha\u00eenes musulmanes de r\u00e9f\u00e9rence. Elle s&#8217;adresse \u00e0 l&#8217;ensemble de la famille musulmane avec des programmes sur la vie des musulmans en Occident, les relations sociales, l&#8217;\u00e9ducation, l&#8217;Histoire,&#8230; et bien d&#8217;autres sujets autour du musulman.<\/p>\n<\/div>\n<\/div>\n<\/div>\n<\/div>\n<\/div>\n<div id=\"row_viz8uzvuo\" class=\"row\">\n<div id=\"column_kjns16995\" class=\"column\" data-xl-width=\"12\">\n<div class=\"content-wrapper\">\n<div id=\"content_n9swep869\" class=\"column-content\" data-module=\"spacer\">\n<div class=\"spacer-container\">\n<div class=\"is-content\"><\/div>\n<\/div>\n<\/div>\n<\/div>\n<\/div>\n<\/div>\n<p>[\/et_pb_blurb][et_pb_text _builder_version=&#8221;4.9.4&#8243; _module_preset=&#8221;default&#8221; header_3_font=&#8221;|700|||||||&#8221; custom_margin=&#8221;||-2px|||&#8221;]<\/p>\n<h3>AVAILABLE ON<\/h3>\n<p>[\/et_pb_text][et_pb_blurb title=&#8221;Channel 575&#8243; image=&#8221;http:\/\/preprod.telearabiamax.tv\/wp-content\/uploads\/sites\/13\/2022\/01\/free_white_bg-300&#215;300.jpg&#8221; icon_placement=&#8221;left&#8221; image_max_width=&#8221;100px&#8221; _builder_version=&#8221;4.9.4&#8243; _module_preset=&#8221;default&#8221; header_font_size=&#8221;32px&#8221; header_line_height=&#8221;3em&#8221; custom_margin=&#8221;||-1px|||&#8221; custom_padding=&#8221;||0px|||&#8221; hover_enabled=&#8221;0&#8243; url=&#8221;http:\/\/preprod.telearabiamax.tv\/how-to-subscribe&#8221; sticky_enabled=&#8221;0&#8243;][\/et_pb_blurb][et_pb_blurb title=&#8221;Channel 790&#8243; image=&#8221;http:\/\/preprod.telearabiamax.tv\/wp-content\/uploads\/sites\/13\/2022\/01\/SFR-300&#215;300.jpg&#8221; icon_placement=&#8221;left&#8221; image_max_width=&#8221;100px&#8221; _builder_version=&#8221;4.9.4&#8243; _module_preset=&#8221;default&#8221; header_font_size=&#8221;32px&#8221; header_line_height=&#8221;3em&#8221; custom_padding=&#8221;0px|||||&#8221;][\/et_pb_blurb][et_pb_blurb title=&#8221;Channel 515&#8243; image=&#8221;http:\/\/preprod.telearabiamax.tv\/wp-content\/uploads\/sites\/13\/2022\/01\/Orange_white_bg-300&#215;300.jpg&#8221; icon_placement=&#8221;left&#8221; image_max_width=&#8221;100px&#8221; _builder_version=&#8221;4.9.4&#8243; _module_preset=&#8221;default&#8221; header_font_size=&#8221;32px&#8221; header_line_height=&#8221;3em&#8221; custom_padding=&#8221;0px|||||&#8221;][\/et_pb_blurb][et_pb_blurb title=&#8221;Channel 680&#8243; image=&#8221;http:\/\/preprod.telearabiamax.tv\/wp-content\/uploads\/sites\/13\/2022\/01\/Logo-bouygues-optimized-300&#215;300.jpg&#8221; icon_placement=&#8221;left&#8221; image_max_width=&#8221;100px&#8221; _builder_version=&#8221;4.9.4&#8243; _module_preset=&#8221;default&#8221; header_font_size=&#8221;32px&#8221; header_line_height=&#8221;3em&#8221; custom_padding=&#8221;0px|||||&#8221;][\/et_pb_blurb][\/et_pb_column][\/et_pb_row][\/et_pb_section]<\/p>","protected":false},"excerpt":{"rendered":"<p>PROGRAMS Iqraa\u00a0est l&#8217;une des cha\u00eenes musulmanes de r\u00e9f\u00e9rence. Elle s&#8217;adresse \u00e0 l&#8217;ensemble de la famille musulmane avec des programmes sur la vie des musulmans en Occident, les relations sociales, l&#8217;\u00e9ducation, l&#8217;Histoire,&#8230; et bien d&#8217;autres sujets autour du musulman. AVAILABLE ON<\/p>","protected":false},"author":2,"featured_media":0,"parent":0,"menu_order":0,"comment_status":"closed","ping_status":"closed","template":"","meta":{"_et_pb_use_builder":"on","_et_pb_old_content":"","_et_gb_content_width":"","content-type":"","footnotes":""},"class_list":["post-203","page","type-page","status-publish","hentry"],"_links":{"self":[{"href":"http:\/\/preprod.telearabiamax.tv\/fr\/wp-json\/wp\/v2\/pages\/203","targetHints":{"allow":["GET"]}}],"collection":[{"href":"http:\/\/preprod.telearabiamax.tv\/fr\/wp-json\/wp\/v2\/pages"}],"about":[{"href":"http:\/\/preprod.telearabiamax.tv\/fr\/wp-json\/wp\/v2\/types\/page"}],"author":[{"embeddable":true,"href":"http:\/\/preprod.telearabiamax.tv\/fr\/wp-json\/wp\/v2\/users\/2"}],"replies":[{"embeddable":true,"href":"http:\/\/preprod.telearabiamax.tv\/fr\/wp-json\/wp\/v2\/comments?post=203"}],"version-history":[{"count":10,"href":"http:\/\/preprod.telearabiamax.tv\/fr\/wp-json\/wp\/v2\/pages\/203\/revisions"}],"predecessor-version":[{"id":266,"href":"http:\/\/preprod.telearabiamax.tv\/fr\/wp-json\/wp\/v2\/pages\/203\/revisions\/266"}],"wp:attachment":[{"href":"http:\/\/preprod.telearabiamax.tv\/fr\/wp-json\/wp\/v2\/media?parent=203"}],"curies":[{"name":"wp","href":"https:\/\/api.w.org\/{rel}","templated":true}]}}